{"id":44915,"date":"2019-09-23T14:48:13","date_gmt":"2019-09-23T11:48:13","guid":{"rendered":"https:\/\/magliamoda.com\/store\/"},"modified":"2025-08-29T14:13:01","modified_gmt":"2025-08-29T11:13:01","slug":"store","status":"publish","type":"page","link":"https:\/\/www.magliamoda.com\/en\/store\/","title":{"rendered":"Stores"},"content":{"rendered":"\t\t<div data-elementor-type=\"wp-page\" data-elementor-id=\"44915\" class=\"elementor elementor-44915 elementor-1709\">\n\t\t\t\t\t\t<section class=\"elementor-section elementor-top-section elementor-element elementor-element-59de86e elementor-section-boxed elementor-section-height-default elementor-section-height-default\" data-id=\"59de86e\" data-element_type=\"section\" data-e-type=\"section\">\n\t\t\t\t\t\t<div class=\"elementor-container elementor-column-gap-default\">\n\t\t\t\t\t<div class=\"elementor-column elementor-col-100 elementor-top-column elementor-element elementor-element-4649dab\" data-id=\"4649dab\" data-element_type=\"column\" data-e-type=\"column\">\n\t\t\t<div class=\"elementor-widget-wrap elementor-element-populated\">\n\t\t\t\t\t\t<div class=\"elementor-element elementor-element-671bc58 elementor-widget elementor-widget-text-editor\" data-id=\"671bc58\" data-element_type=\"widget\" data-e-type=\"widget\" data-widget_type=\"text-editor.default\">\n\t\t\t\t<div class=\"elementor-widget-container\">\n\t\t\t\t\t\t\t\t\t<h3><strong>FIND MAGLIA IN STORES<\/strong><\/h3><p>*Availability of goods and prices might be different from e-store<\/p>\t\t\t\t\t\t\t\t<\/div>\n\t\t\t\t<\/div>\n\t\t\t\t\t<\/div>\n\t\t<\/div>\n\t\t\t\t\t<\/div>\n\t\t<\/section>\n\t\t\t\t<section class=\"elementor-section elementor-top-section elementor-element elementor-element-4046bfa elementor-section-boxed elementor-section-height-default elementor-section-height-default\" data-id=\"4046bfa\" data-element_type=\"section\" data-e-type=\"section\">\n\t\t\t\t\t\t<div class=\"elementor-container elementor-column-gap-default\">\n\t\t\t\t\t<div class=\"elementor-column elementor-col-100 elementor-top-column elementor-element elementor-element-9f7e7d6\" data-id=\"9f7e7d6\" data-element_type=\"column\" data-e-type=\"column\">\n\t\t\t<div class=\"elementor-widget-wrap elementor-element-populated\">\n\t\t\t\t\t\t<div class=\"elementor-element elementor-element-4a74fc2 elementor-widget elementor-widget-text-editor\" data-id=\"4a74fc2\" data-element_type=\"widget\" data-e-type=\"widget\" data-widget_type=\"text-editor.default\">\n\t\t\t\t<div class=\"elementor-widget-container\">\n\t\t\t\t\t\t\t\t\t<h3><strong>Estonia<\/strong><\/h3>\t\t\t\t\t\t\t\t<\/div>\n\t\t\t\t<\/div>\n\t\t\t\t\t<\/div>\n\t\t<\/div>\n\t\t\t\t\t<\/div>\n\t\t<\/section>\n\t\t\t\t<section class=\"elementor-section elementor-top-section elementor-element elementor-element-125f373 elementor-section-boxed elementor-section-height-default elementor-section-height-default\" data-id=\"125f373\" data-element_type=\"section\" data-e-type=\"section\">\n\t\t\t\t\t\t<div class=\"elementor-container elementor-column-gap-wide\">\n\t\t\t\t\t<div class=\"elementor-column elementor-col-33 elementor-top-column elementor-element elementor-element-4ec0ec3\" data-id=\"4ec0ec3\" data-element_type=\"column\" data-e-type=\"column\">\n\t\t\t<div class=\"elementor-widget-wrap elementor-element-populated\">\n\t\t\t\t\t\t<div class=\"elementor-element elementor-element-1e18dbc elementor-widget elementor-widget-text-editor\" data-id=\"1e18dbc\" data-element_type=\"widget\" data-e-type=\"widget\" data-widget_type=\"text-editor.default\">\n\t\t\t\t<div class=\"elementor-widget-container\">\n\t\t\t\t\t\t\t\t\t<p><b>TALLINN<\/b><br \/>Hansmark, Rocca Al Mare Keskus, Paldiski mnt. 102<br \/>Hansmark Kristiine Keskus, Endla 45<br \/>Hansmark \u00dclemiste Keskus, Suur-S\u00f5jam\u00e4e 4<br \/>Hansmark Lasnam\u00e4e Centrum, Mustakivi 13<\/p>\t\t\t\t\t\t\t\t<\/div>\n\t\t\t\t<\/div>\n\t\t\t\t\t<\/div>\n\t\t<\/div>\n\t\t\t\t<div class=\"elementor-column elementor-col-33 elementor-top-column elementor-element elementor-element-6a3f168\" data-id=\"6a3f168\" data-element_type=\"column\" data-e-type=\"column\">\n\t\t\t<div class=\"elementor-widget-wrap elementor-element-populated\">\n\t\t\t\t\t\t<div class=\"elementor-element elementor-element-752489b elementor-widget elementor-widget-text-editor\" data-id=\"752489b\" data-element_type=\"widget\" data-e-type=\"widget\" data-widget_type=\"text-editor.default\">\n\t\t\t\t<div class=\"elementor-widget-container\">\n\t\t\t\t\t\t\t\t\t<p><strong>TARTU<\/strong><br \/>Hansmark Tartu L\u00f5unakeskus, Ringtee 75<br \/>Hansmark Tartu Kaubamaja, Riia tn 1<\/p>\t\t\t\t\t\t\t\t<\/div>\n\t\t\t\t<\/div>\n\t\t\t\t\t<\/div>\n\t\t<\/div>\n\t\t\t\t<div class=\"elementor-column elementor-col-33 elementor-top-column elementor-element elementor-element-b378d87\" data-id=\"b378d87\" data-element_type=\"column\" data-e-type=\"column\">\n\t\t\t<div class=\"elementor-widget-wrap elementor-element-populated\">\n\t\t\t\t\t\t<div class=\"elementor-element elementor-element-de5da7e elementor-widget elementor-widget-text-editor\" data-id=\"de5da7e\" data-element_type=\"widget\" data-e-type=\"widget\" data-widget_type=\"text-editor.default\">\n\t\t\t\t<div class=\"elementor-widget-container\">\n\t\t\t\t\t\t\t\t\t<p><b>RAKVERE<\/b><br \/>N-Kaubamaja,\u00a0Laada 9<\/p>\t\t\t\t\t\t\t\t<\/div>\n\t\t\t\t<\/div>\n\t\t\t\t\t<\/div>\n\t\t<\/div>\n\t\t\t\t\t<\/div>\n\t\t<\/section>\n\t\t\t\t<section class=\"elementor-section elementor-top-section elementor-element elementor-element-fa5c414 elementor-section-boxed elementor-section-height-default elementor-section-height-default\" data-id=\"fa5c414\" data-element_type=\"section\" data-e-type=\"section\">\n\t\t\t\t\t\t<div class=\"elementor-container elementor-column-gap-wide\">\n\t\t\t\t\t<div class=\"elementor-column elementor-col-33 elementor-top-column elementor-element elementor-element-c1d6fb2\" data-id=\"c1d6fb2\" data-element_type=\"column\" data-e-type=\"column\">\n\t\t\t<div class=\"elementor-widget-wrap elementor-element-populated\">\n\t\t\t\t\t\t<div class=\"elementor-element elementor-element-8dd6abe elementor-widget elementor-widget-text-editor\" data-id=\"8dd6abe\" data-element_type=\"widget\" data-e-type=\"widget\" data-widget_type=\"text-editor.default\">\n\t\t\t\t<div class=\"elementor-widget-container\">\n\t\t\t\t\t\t\t\t\t<p><b>J\u00d5HVI<\/b><br \/>N-Trend J\u00f5hvi Kaubakeskuses, Keskv\u00e4ljak 6<\/p>\t\t\t\t\t\t\t\t<\/div>\n\t\t\t\t<\/div>\n\t\t\t\t\t<\/div>\n\t\t<\/div>\n\t\t\t\t<div class=\"elementor-column elementor-col-33 elementor-top-column elementor-element elementor-element-1b47eb8\" data-id=\"1b47eb8\" data-element_type=\"column\" data-e-type=\"column\">\n\t\t\t<div class=\"elementor-widget-wrap elementor-element-populated\">\n\t\t\t\t\t\t<div class=\"elementor-element elementor-element-9d3c889 elementor-widget elementor-widget-text-editor\" data-id=\"9d3c889\" data-element_type=\"widget\" data-e-type=\"widget\" data-widget_type=\"text-editor.default\">\n\t\t\t\t<div class=\"elementor-widget-container\">\n\t\t\t\t\t\t\t\t\t<p><b>P\u00c4RNU<\/b><br \/>Hansmark Kaubamajakas, Papiniidu 8<\/p>\t\t\t\t\t\t\t\t<\/div>\n\t\t\t\t<\/div>\n\t\t\t\t\t<\/div>\n\t\t<\/div>\n\t\t\t\t<div class=\"elementor-column elementor-col-33 elementor-top-column elementor-element elementor-element-bf584d3\" data-id=\"bf584d3\" data-element_type=\"column\" data-e-type=\"column\">\n\t\t\t<div class=\"elementor-widget-wrap elementor-element-populated\">\n\t\t\t\t\t\t<div class=\"elementor-element elementor-element-5559906 elementor-widget elementor-widget-text-editor\" data-id=\"5559906\" data-element_type=\"widget\" data-e-type=\"widget\" data-widget_type=\"text-editor.default\">\n\t\t\t\t<div class=\"elementor-widget-container\">\n\t\t\t\t\t\t\t\t\t<p><b>KEILA<\/b><br \/>R\u00f5\u00f5mu Kaubamaja, Haapsalu mnt. 57b<\/p>\t\t\t\t\t\t\t\t<\/div>\n\t\t\t\t<\/div>\n\t\t\t\t\t<\/div>\n\t\t<\/div>\n\t\t\t\t\t<\/div>\n\t\t<\/section>\n\t\t\t\t<section class=\"elementor-section elementor-top-section elementor-element elementor-element-1817ecb elementor-section-boxed elementor-section-height-default elementor-section-height-default\" data-id=\"1817ecb\" data-element_type=\"section\" data-e-type=\"section\">\n\t\t\t\t\t\t<div class=\"elementor-container elementor-column-gap-wide\">\n\t\t\t\t\t<div class=\"elementor-column elementor-col-33 elementor-top-column elementor-element elementor-element-05f0dc5\" data-id=\"05f0dc5\" data-element_type=\"column\" data-e-type=\"column\">\n\t\t\t<div class=\"elementor-widget-wrap elementor-element-populated\">\n\t\t\t\t\t\t<div class=\"elementor-element elementor-element-a465a71 elementor-widget elementor-widget-text-editor\" data-id=\"a465a71\" data-element_type=\"widget\" data-e-type=\"widget\" data-widget_type=\"text-editor.default\">\n\t\t\t\t<div class=\"elementor-widget-container\">\n\t\t\t\t\t\t\t\t\t<p><b>KURESSAARE<\/b><br \/>Saaremaa Kaubamaja, Raekoja 1<\/p>\t\t\t\t\t\t\t\t<\/div>\n\t\t\t\t<\/div>\n\t\t\t\t\t<\/div>\n\t\t<\/div>\n\t\t\t\t<div class=\"elementor-column elementor-col-33 elementor-top-column elementor-element elementor-element-ac006bf\" data-id=\"ac006bf\" data-element_type=\"column\" data-e-type=\"column\">\n\t\t\t<div class=\"elementor-widget-wrap elementor-element-populated\">\n\t\t\t\t\t\t<div class=\"elementor-element elementor-element-9614d74 elementor-widget elementor-widget-text-editor\" data-id=\"9614d74\" data-element_type=\"widget\" data-e-type=\"widget\" data-widget_type=\"text-editor.default\">\n\t\t\t\t<div class=\"elementor-widget-container\">\n\t\t\t\t\t\t\t\t\t<p><b>VILJANDI<\/b><br \/>Viljandi Kaubamaja, Tallinna 3, Viljandi<\/p>\t\t\t\t\t\t\t\t<\/div>\n\t\t\t\t<\/div>\n\t\t\t\t\t<\/div>\n\t\t<\/div>\n\t\t\t\t<div class=\"elementor-column elementor-col-33 elementor-top-column elementor-element elementor-element-e469c37\" data-id=\"e469c37\" data-element_type=\"column\" data-e-type=\"column\">\n\t\t\t<div class=\"elementor-widget-wrap elementor-element-populated\">\n\t\t\t\t\t\t<div class=\"elementor-element elementor-element-f443026 elementor-widget elementor-widget-text-editor\" data-id=\"f443026\" data-element_type=\"widget\" data-e-type=\"widget\" data-widget_type=\"text-editor.default\">\n\t\t\t\t<div class=\"elementor-widget-container\">\n\t\t\t\t\t\t\t\t\t<p><b>V\u00d5RU<\/b><br \/>V\u00f5ru Kaubamaja, Kreutzwaldi 30, V\u00f5ru<\/p>\t\t\t\t\t\t\t\t<\/div>\n\t\t\t\t<\/div>\n\t\t\t\t\t<\/div>\n\t\t<\/div>\n\t\t\t\t\t<\/div>\n\t\t<\/section>\n\t\t\t\t<section class=\"elementor-section elementor-top-section elementor-element elementor-element-8c2ae5d elementor-section-boxed elementor-section-height-default elementor-section-height-default\" data-id=\"8c2ae5d\" data-element_type=\"section\" data-e-type=\"section\">\n\t\t\t\t\t\t<div class=\"elementor-container elementor-column-gap-wide\">\n\t\t\t\t\t<div class=\"elementor-column elementor-col-33 elementor-top-column elementor-element elementor-element-6291817\" data-id=\"6291817\" data-element_type=\"column\" data-e-type=\"column\">\n\t\t\t<div class=\"elementor-widget-wrap elementor-element-populated\">\n\t\t\t\t\t\t<div class=\"elementor-element elementor-element-aaf697b elementor-widget elementor-widget-text-editor\" data-id=\"aaf697b\" data-element_type=\"widget\" data-e-type=\"widget\" data-widget_type=\"text-editor.default\">\n\t\t\t\t<div class=\"elementor-widget-container\">\n\t\t\t\t\t\t\t\t\t<p><b>PAIDE<\/b><br \/>Paide Maksimarket, Ringtee 2<\/p>\t\t\t\t\t\t\t\t<\/div>\n\t\t\t\t<\/div>\n\t\t\t\t\t<\/div>\n\t\t<\/div>\n\t\t\t\t<div class=\"elementor-column elementor-col-33 elementor-top-column elementor-element elementor-element-42094ef\" data-id=\"42094ef\" data-element_type=\"column\" data-e-type=\"column\">\n\t\t\t<div class=\"elementor-widget-wrap elementor-element-populated\">\n\t\t\t\t\t\t<div class=\"elementor-element elementor-element-411ddf2 elementor-widget elementor-widget-text-editor\" data-id=\"411ddf2\" data-element_type=\"widget\" data-e-type=\"widget\" data-widget_type=\"text-editor.default\">\n\t\t\t\t<div class=\"elementor-widget-container\">\n\t\t\t\t\t\t\t\t\t<p><b>J\u00d5GEVA<\/b><br \/>J\u00f5geva T\u00f6\u00f6stuskaubad, Aia 3, J\u00f5geva<\/p>\t\t\t\t\t\t\t\t<\/div>\n\t\t\t\t<\/div>\n\t\t\t\t\t<\/div>\n\t\t<\/div>\n\t\t\t\t<div class=\"elementor-column elementor-col-33 elementor-top-column elementor-element elementor-element-085a122\" data-id=\"085a122\" data-element_type=\"column\" data-e-type=\"column\">\n\t\t\t<div class=\"elementor-widget-wrap elementor-element-populated\">\n\t\t\t\t\t\t<div class=\"elementor-element elementor-element-560b779 elementor-widget elementor-widget-text-editor\" data-id=\"560b779\" data-element_type=\"widget\" data-e-type=\"widget\" data-widget_type=\"text-editor.default\">\n\t\t\t\t<div class=\"elementor-widget-container\">\n\t\t\t\t\t\t\t\t\t<p><b>P\u00d5LVA<\/b><br \/>P\u00f5lva Kaubamaja, Kesk 10, P\u00f5lva<\/p>\t\t\t\t\t\t\t\t<\/div>\n\t\t\t\t<\/div>\n\t\t\t\t\t<\/div>\n\t\t<\/div>\n\t\t\t\t\t<\/div>\n\t\t<\/section>\n\t\t\t\t<section class=\"elementor-section elementor-top-section elementor-element elementor-element-e94a5c5 elementor-section-boxed elementor-section-height-default elementor-section-height-default\" data-id=\"e94a5c5\" data-element_type=\"section\" data-e-type=\"section\">\n\t\t\t\t\t\t<div class=\"elementor-container elementor-column-gap-default\">\n\t\t\t\t\t<div class=\"elementor-column elementor-col-100 elementor-top-column elementor-element elementor-element-f0e1457\" data-id=\"f0e1457\" data-element_type=\"column\" data-e-type=\"column\">\n\t\t\t<div class=\"elementor-widget-wrap elementor-element-populated\">\n\t\t\t\t\t\t<div class=\"elementor-element elementor-element-c338059 elementor-widget elementor-widget-text-editor\" data-id=\"c338059\" data-element_type=\"widget\" data-e-type=\"widget\" data-widget_type=\"text-editor.default\">\n\t\t\t\t<div class=\"elementor-widget-container\">\n\t\t\t\t\t\t\t\t\t<h3><strong>Latvia<\/strong><\/h3>\t\t\t\t\t\t\t\t<\/div>\n\t\t\t\t<\/div>\n\t\t\t\t\t<\/div>\n\t\t<\/div>\n\t\t\t\t\t<\/div>\n\t\t<\/section>\n\t\t\t\t<section class=\"elementor-section elementor-top-section elementor-element elementor-element-3f82c43 elementor-section-boxed elementor-section-height-default elementor-section-height-default\" data-id=\"3f82c43\" data-element_type=\"section\" data-e-type=\"section\">\n\t\t\t\t\t\t<div class=\"elementor-container elementor-column-gap-wide\">\n\t\t\t\t\t<div class=\"elementor-column elementor-col-33 elementor-top-column elementor-element elementor-element-d231d88\" data-id=\"d231d88\" data-element_type=\"column\" data-e-type=\"column\">\n\t\t\t<div class=\"elementor-widget-wrap elementor-element-populated\">\n\t\t\t\t\t\t<div class=\"elementor-element elementor-element-b3c69e9 elementor-widget elementor-widget-text-editor\" data-id=\"b3c69e9\" data-element_type=\"widget\" data-e-type=\"widget\" data-widget_type=\"text-editor.default\">\n\t\t\t\t<div class=\"elementor-widget-container\">\n\t\t\t\t\t\t\t\t\t<p><b>VENTSPILS<\/b><br \/>Sisters Point, Kuldigas 23-70, phone no: +37120378260<\/p>\t\t\t\t\t\t\t\t<\/div>\n\t\t\t\t<\/div>\n\t\t\t\t\t<\/div>\n\t\t<\/div>\n\t\t\t\t<div class=\"elementor-column elementor-col-33 elementor-top-column elementor-element elementor-element-2380f30\" data-id=\"2380f30\" data-element_type=\"column\" data-e-type=\"column\">\n\t\t\t<div class=\"elementor-widget-wrap\">\n\t\t\t\t\t\t\t<\/div>\n\t\t<\/div>\n\t\t\t\t<div class=\"elementor-column elementor-col-33 elementor-top-column elementor-element elementor-element-8ac901e\" data-id=\"8ac901e\" data-element_type=\"column\" data-e-type=\"column\">\n\t\t\t<div class=\"elementor-widget-wrap\">\n\t\t\t\t\t\t\t<\/div>\n\t\t<\/div>\n\t\t\t\t\t<\/div>\n\t\t<\/section>\n\t\t\t\t<\/div>\n\t\t","protected":false},"excerpt":{"rendered":"<p>FIND MAGLIA IN STORES *Availability of goods and prices might be different from e-store Estonia TALLINNHansmark, Rocca Al Mare Keskus, Paldiski mnt. 102Hansmark Kristiine Keskus, Endla 45Hansmark \u00dclemiste Keskus, Suur-S\u00f5jam\u00e4e 4Hansmark Lasnam\u00e4e Centrum, Mustakivi 13 TARTUHansmark Tartu L\u00f5unakeskus, Ringtee 75Hansmark Tartu Kaubamaja, Riia tn 1 RAKVEREN-Kaubamaja,\u00a0Laada 9 J\u00d5HVIN-Trend J\u00f5hvi Kaubakeskuses, Keskv\u00e4ljak 6 P\u00c4RNUHansmark Kaubamajakas, Papiniidu [&hellip;]<\/p>\n","protected":false},"author":4,"featured_media":0,"parent":0,"menu_order":0,"comment_status":"closed","ping_status":"closed","template":"","meta":{"_acf_changed":false,"footnotes":""},"class_list":["post-44915","page","type-page","status-publish","hentry"],"acf":[],"yoast_head":"<!-- This site is optimized with the Yoast SEO plugin v27.1.1 - https:\/\/yoast.com\/product\/yoast-seo-wordpress\/ -->\n<title>Shops selling Maglia and True Indigo collections in Estonia and Latvia<\/title>\n<meta name=\"description\" content=\"Here you will find a list of stores selling the Maglia and True Indigo collections. Reseller stores sell the same products as in the Maglia e-store, but stocks and prices may differ from the e-store.\" \/>\n<meta name=\"robots\" content=\"index, follow, max-snippet:-1, max-image-preview:large, max-video-preview:-1\" \/>\n<link rel=\"canonical\" href=\"https:\/\/www.magliamoda.com\/en\/store\/\" \/>\n<meta property=\"og:locale\" content=\"en_US\" \/>\n<meta property=\"og:type\" content=\"article\" \/>\n<meta property=\"og:title\" content=\"Shops selling Maglia and True Indigo collections in Estonia and Latvia\" \/>\n<meta property=\"og:description\" content=\"Here you will find a list of stores selling the Maglia and True Indigo collections. Reseller stores sell the same products as in the Maglia e-store, but stocks and prices may differ from the e-store.\" \/>\n<meta property=\"og:url\" content=\"https:\/\/www.magliamoda.com\/en\/store\/\" \/>\n<meta property=\"og:site_name\" content=\"Maglia\" \/>\n<meta property=\"article:publisher\" content=\"https:\/\/www.facebook.com\/MagliaModa\" \/>\n<meta property=\"article:modified_time\" content=\"2025-08-29T11:13:01+00:00\" \/>\n<meta property=\"og:image\" content=\"https:\/\/www.magliamoda.com\/wp-content\/uploads\/2025\/10\/Maglia-logo-punane-ilma-taustata.png\" \/>\n\t<meta property=\"og:image:width\" content=\"348\" \/>\n\t<meta property=\"og:image:height\" content=\"120\" \/>\n\t<meta property=\"og:image:type\" content=\"image\/png\" \/>\n<meta name=\"twitter:card\" content=\"summary_large_image\" \/>\n<meta name=\"twitter:label1\" content=\"Est. reading time\" \/>\n\t<meta name=\"twitter:data1\" content=\"1 minute\" \/>\n<script type=\"application\/ld+json\" class=\"yoast-schema-graph\">{\"@context\":\"https:\/\/schema.org\",\"@graph\":[{\"@type\":\"WebPage\",\"@id\":\"https:\/\/www.magliamoda.com\/en\/store\/\",\"url\":\"https:\/\/www.magliamoda.com\/en\/store\/\",\"name\":\"Shops selling Maglia and True Indigo collections in Estonia and Latvia\",\"isPartOf\":{\"@id\":\"https:\/\/www.magliamoda.com\/en\/#website\"},\"datePublished\":\"2019-09-23T11:48:13+00:00\",\"dateModified\":\"2025-08-29T11:13:01+00:00\",\"description\":\"Here you will find a list of stores selling the Maglia and True Indigo collections. Reseller stores sell the same products as in the Maglia e-store, but stocks and prices may differ from the e-store.\",\"breadcrumb\":{\"@id\":\"https:\/\/www.magliamoda.com\/en\/store\/#breadcrumb\"},\"inLanguage\":\"en-US\",\"potentialAction\":[{\"@type\":\"ReadAction\",\"target\":[\"https:\/\/www.magliamoda.com\/en\/store\/\"]}]},{\"@type\":\"BreadcrumbList\",\"@id\":\"https:\/\/www.magliamoda.com\/en\/store\/#breadcrumb\",\"itemListElement\":[{\"@type\":\"ListItem\",\"position\":1,\"name\":\"Home\",\"item\":\"https:\/\/www.magliamoda.com\/en\/\"},{\"@type\":\"ListItem\",\"position\":2,\"name\":\"Stores\"}]},{\"@type\":\"WebSite\",\"@id\":\"https:\/\/www.magliamoda.com\/en\/#website\",\"url\":\"https:\/\/www.magliamoda.com\/en\/\",\"name\":\"Magliamoda\",\"description\":\"\",\"publisher\":{\"@id\":\"https:\/\/www.magliamoda.com\/en\/#organization\"},\"alternateName\":\"Maglia\",\"potentialAction\":[{\"@type\":\"SearchAction\",\"target\":{\"@type\":\"EntryPoint\",\"urlTemplate\":\"https:\/\/www.magliamoda.com\/en\/?s={search_term_string}\"},\"query-input\":{\"@type\":\"PropertyValueSpecification\",\"valueRequired\":true,\"valueName\":\"search_term_string\"}}],\"inLanguage\":\"en-US\"},{\"@type\":\"Organization\",\"@id\":\"https:\/\/www.magliamoda.com\/en\/#organization\",\"name\":\"Magliamoda\",\"url\":\"https:\/\/www.magliamoda.com\/en\/\",\"logo\":{\"@type\":\"ImageObject\",\"inLanguage\":\"en-US\",\"@id\":\"https:\/\/www.magliamoda.com\/en\/#\/schema\/logo\/image\/\",\"url\":\"https:\/\/www.magliamoda.com\/wp-content\/uploads\/2021\/11\/Maglia_logo_CMYK-page-001.jpg\",\"contentUrl\":\"https:\/\/www.magliamoda.com\/wp-content\/uploads\/2021\/11\/Maglia_logo_CMYK-page-001.jpg\",\"width\":500,\"height\":163,\"caption\":\"Magliamoda\"},\"image\":{\"@id\":\"https:\/\/www.magliamoda.com\/en\/#\/schema\/logo\/image\/\"},\"sameAs\":[\"https:\/\/www.facebook.com\/MagliaModa\",\"https:\/\/www.instagram.com\/magliamoda\/\"]}]}<\/script>\n<!-- \/ Yoast SEO plugin. -->","yoast_head_json":{"title":"Shops selling Maglia and True Indigo collections in Estonia and Latvia","description":"Here you will find a list of stores selling the Maglia and True Indigo collections. Reseller stores sell the same products as in the Maglia e-store, but stocks and prices may differ from the e-store.","robots":{"index":"index","follow":"follow","max-snippet":"max-snippet:-1","max-image-preview":"max-image-preview:large","max-video-preview":"max-video-preview:-1"},"canonical":"https:\/\/www.magliamoda.com\/en\/store\/","og_locale":"en_US","og_type":"article","og_title":"Shops selling Maglia and True Indigo collections in Estonia and Latvia","og_description":"Here you will find a list of stores selling the Maglia and True Indigo collections. Reseller stores sell the same products as in the Maglia e-store, but stocks and prices may differ from the e-store.","og_url":"https:\/\/www.magliamoda.com\/en\/store\/","og_site_name":"Maglia","article_publisher":"https:\/\/www.facebook.com\/MagliaModa","article_modified_time":"2025-08-29T11:13:01+00:00","og_image":[{"width":348,"height":120,"url":"https:\/\/www.magliamoda.com\/wp-content\/uploads\/2025\/10\/Maglia-logo-punane-ilma-taustata.png","type":"image\/png"}],"twitter_card":"summary_large_image","twitter_misc":{"Est. reading time":"1 minute"},"schema":{"@context":"https:\/\/schema.org","@graph":[{"@type":"WebPage","@id":"https:\/\/www.magliamoda.com\/en\/store\/","url":"https:\/\/www.magliamoda.com\/en\/store\/","name":"Shops selling Maglia and True Indigo collections in Estonia and Latvia","isPartOf":{"@id":"https:\/\/www.magliamoda.com\/en\/#website"},"datePublished":"2019-09-23T11:48:13+00:00","dateModified":"2025-08-29T11:13:01+00:00","description":"Here you will find a list of stores selling the Maglia and True Indigo collections. Reseller stores sell the same products as in the Maglia e-store, but stocks and prices may differ from the e-store.","breadcrumb":{"@id":"https:\/\/www.magliamoda.com\/en\/store\/#breadcrumb"},"inLanguage":"en-US","potentialAction":[{"@type":"ReadAction","target":["https:\/\/www.magliamoda.com\/en\/store\/"]}]},{"@type":"BreadcrumbList","@id":"https:\/\/www.magliamoda.com\/en\/store\/#breadcrumb","itemListElement":[{"@type":"ListItem","position":1,"name":"Home","item":"https:\/\/www.magliamoda.com\/en\/"},{"@type":"ListItem","position":2,"name":"Stores"}]},{"@type":"WebSite","@id":"https:\/\/www.magliamoda.com\/en\/#website","url":"https:\/\/www.magliamoda.com\/en\/","name":"Magliamoda","description":"","publisher":{"@id":"https:\/\/www.magliamoda.com\/en\/#organization"},"alternateName":"Maglia","potentialAction":[{"@type":"SearchAction","target":{"@type":"EntryPoint","urlTemplate":"https:\/\/www.magliamoda.com\/en\/?s={search_term_string}"},"query-input":{"@type":"PropertyValueSpecification","valueRequired":true,"valueName":"search_term_string"}}],"inLanguage":"en-US"},{"@type":"Organization","@id":"https:\/\/www.magliamoda.com\/en\/#organization","name":"Magliamoda","url":"https:\/\/www.magliamoda.com\/en\/","logo":{"@type":"ImageObject","inLanguage":"en-US","@id":"https:\/\/www.magliamoda.com\/en\/#\/schema\/logo\/image\/","url":"https:\/\/www.magliamoda.com\/wp-content\/uploads\/2021\/11\/Maglia_logo_CMYK-page-001.jpg","contentUrl":"https:\/\/www.magliamoda.com\/wp-content\/uploads\/2021\/11\/Maglia_logo_CMYK-page-001.jpg","width":500,"height":163,"caption":"Magliamoda"},"image":{"@id":"https:\/\/www.magliamoda.com\/en\/#\/schema\/logo\/image\/"},"sameAs":["https:\/\/www.facebook.com\/MagliaModa","https:\/\/www.instagram.com\/magliamoda\/"]}]}},"_links":{"self":[{"href":"https:\/\/www.magliamoda.com\/en\/wp-json\/wp\/v2\/pages\/44915","targetHints":{"allow":["GET"]}}],"collection":[{"href":"https:\/\/www.magliamoda.com\/en\/wp-json\/wp\/v2\/pages"}],"about":[{"href":"https:\/\/www.magliamoda.com\/en\/wp-json\/wp\/v2\/types\/page"}],"author":[{"embeddable":true,"href":"https:\/\/www.magliamoda.com\/en\/wp-json\/wp\/v2\/users\/4"}],"replies":[{"embeddable":true,"href":"https:\/\/www.magliamoda.com\/en\/wp-json\/wp\/v2\/comments?post=44915"}],"version-history":[{"count":15,"href":"https:\/\/www.magliamoda.com\/en\/wp-json\/wp\/v2\/pages\/44915\/revisions"}],"predecessor-version":[{"id":104652,"href":"https:\/\/www.magliamoda.com\/en\/wp-json\/wp\/v2\/pages\/44915\/revisions\/104652"}],"wp:attachment":[{"href":"https:\/\/www.magliamoda.com\/en\/wp-json\/wp\/v2\/media?parent=44915"}],"curies":[{"name":"wp","href":"https:\/\/api.w.org\/{rel}","templated":true}]}}